{"id":55,"date":"2025-02-01T20:40:22","date_gmt":"2025-02-01T20:40:22","guid":{"rendered":"https:\/\/boglarperuzzi.com\/tarot\/?page_id=55"},"modified":"2025-02-06T14:50:04","modified_gmt":"2025-02-06T14:50:04","slug":"transzparencia","status":"publish","type":"page","link":"https:\/\/boglarperuzzi.com\/tarot\/transzparencia\/","title":{"rendered":"Transzparencia"},"content":{"rendered":"\t\t<div data-elementor-type=\"wp-page\" data-elementor-id=\"55\" class=\"elementor elementor-55\">\n\t\t\t\t<div class=\"elementor-element elementor-element-509e2b3b e-flex e-con-boxed e-con e-parent\" data-id=\"509e2b3b\" data-element_type=\"container\">\n\t\t\t\t\t<div class=\"e-con-inner\">\n\t\t\t\t<div class=\"elementor-element elementor-element-7fda498a elementor-widget elementor-widget-text-editor\" data-id=\"7fda498a\" data-element_type=\"widget\" data-widget_type=\"text-editor.default\">\n\t\t\t\t<div class=\"elementor-widget-container\">\n\t\t\t\t\t\t\t\t\t<p><strong>Visszat\u00e9r\u00edt\u00e9s<\/strong><br \/>Nincs visszat\u00e9r\u00edt\u00e9s.<\/p><p><strong>Korhat\u00e1r<\/strong><br \/>18 \u00e9vn\u00e9l fiatalabb \u00fcgyfelek sz\u00fcl\u0151i beleegyez\u00e9ssel vehetnek r\u00e9szt, valamint 18 \u00e9ves \u00e9s id\u0151sebb feln\u0151ttek vehetnek r\u00e9szt az elemz\u00e9sen.<\/p><p><strong>Biztons\u00e1g<\/strong><br \/>Az \u00fcgyf\u00e9l biztons\u00e1g\u00e9rzete az els\u0151 \u00e9s elk\u00f6telezett vagyok a biztons\u00e1gos \u00e9s k\u00e9nyelmes l\u00e9gk\u00f6r megteremt\u00e9s\u00e9ben. Ha az \u00fcgyf\u00e9l valamit k\u00e9nyelmetlennek vagy kellemetlennek tal\u00e1l, azt az elemz\u00e9s el\u0151tt meg kell osztani, ha lehets\u00e9ges. Az \u00fcgyf\u00e9l b\u00e1rmikor le\u00e1ll\u00edthatja az elemz\u00e9st.<\/p><p><strong>Titoktart\u00e1s<\/strong><br \/>Az \u00fcgyf\u00e9l szem\u00e9lyes adatait \u00e9s a tarot olvas\u00e1s sor\u00e1n megosztott inform\u00e1ci\u00f3kat bizalmasan kezelem \u00e9s harmadik f\u00e9lnek nem adom ki azokat.<\/p><p><strong>Tarot olvas\u00e1s<\/strong><br \/>A tarot olvas\u00e1s sor\u00e1n sor\u00e1n ny\u00fajtott inform\u00e1ci\u00f3k c\u00e9lja az ir\u00e1nymutat\u00e1s \u00e9s inspir\u00e1ci\u00f3. Az olvas\u00e1s sor\u00e1n elhangzottakat nem szabad t\u00e9nyk\u00e9nt vagy garant\u00e1lt esem\u00e9nyk\u00e9nt \u00e9rtelmezni.<\/p><p><strong>Felel\u0151ss\u00e9g \u00e9s D\u00f6nt\u00e9shozatal<\/strong><br \/>Az\u00a0\u00fcgyf\u00e9l felel\u0151s a saj\u00e1t d\u00f6nt\u00e9sei\u00e9rt \u00e9s cselekedetei\u00e9rt. A tarot olvas\u00e1s sor\u00e1n ny\u00fajtott inform\u00e1ci\u00f3k nem helyettes\u00edtik a szakmai tan\u00e1csot, p\u00e9ld\u00e1ul p\u00e9nz\u00fcgyi, jogi vagy orvosi k\u00e9rd\u00e9sekben. Az \u00fcgyf\u00e9l fontos d\u00f6nt\u00e9sek meghozatala el\u0151tt konzult\u00e1ljon szak\u00e9rt\u0151kkel. A tarot olvas\u00e1s nem helyettes\u00edti a pszichol\u00f3giai vagy orvosi kezel\u00e9st, \u00e9s nem adhat orvosi tan\u00e1csokat vagy diagn\u00f3zist.<\/p><p><strong>Ment\u00e1lis Eg\u00e9szs\u00e9g \u00e9s Korl\u00e1toz\u00e1sok<\/strong><br \/>Nem v\u00e1llalom a tarot olvas\u00e1st olyan szem\u00e9lyek sz\u00e1m\u00e1ra, akik ment\u00e1lis eg\u00e9szs\u00e9gi probl\u00e9m\u00e1kkal k\u00fczdenek \u00e9s akik nem k\u00e9pesek \u00f6n\u00e1ll\u00f3an vagy felel\u0151ss\u00e9gteljesen \u00e9rtelmezni a szolg\u00e1ltatott inform\u00e1ci\u00f3kat.<\/p><p><strong>Szabad Akarat \u00e9s V\u00e1laszt\u00e1s<\/strong><br \/>Az \u00fcgyf\u00e9l b\u00e1rmikor szabadon d\u00f6nthet \u00fagy, hogy megszak\u00edtja az olvas\u00e1st, vagy nem k\u00edv\u00e1n tov\u00e1bbi szolg\u00e1ltat\u00e1sokat ig\u00e9nybe venni. Nem k\u00e9nyszer\u00edtem az \u00fcgyfelet tov\u00e1bbi olvas\u00e1sokra vagy szolg\u00e1ltat\u00e1sokra \u00e9s nem haszn\u00e1lok f\u00e9lelemkelt\u0151 taktik\u00e1t a tov\u00e1bbi elk\u00f6telez\u0151d\u00e9s \u00e9rdek\u00e9ben.<\/p><p><strong>Minden k\u00f6lts\u00e9g el\u0151re \u00e9s vil\u00e1gosan k\u00f6zz\u00e9t\u00e9ve<\/strong><br \/>Soha nem sz\u00e1m\u00edtok fel plusz d\u00edjat az \u00fcgyfeleknek. Minden kifizet\u00e9s el\u0151re t\u00f6rt\u00e9nik, \u00e9s vil\u00e1gosan k\u00f6zz\u00e9t\u00e9ve van a weboldalon. Nem aj\u00e1nlok fel dr\u00e1ga kieg\u00e9sz\u00edt\u0151 szolg\u00e1ltat\u00e1sokat (p\u00e9ld\u00e1ul talizm\u00e1nok, ritu\u00e1l\u00e9k) \u00e9s egy\u00e9rtelm\u0171en t\u00e1j\u00e9koztatom a szolg\u00e1ltat\u00e1s jelleg\u00e9r\u0151l \u00e9s k\u00f6lts\u00e9g\u00e9r\u0151l. Az \u00fcgyfelet b\u00e1tor\u00edtom, hogy minden tov\u00e1bbi kiad\u00e1s el\u0151tt alaposan gondolja \u00e1t a d\u00f6nt\u00e9st.<\/p><p><strong>Spiritu\u00e1lis \u00e9s Sz\u00f3rakoztat\u00f3 Jelleg<\/strong><br \/>A tarot olvas\u00e1s spiritu\u00e1lis vagy sz\u00f3rakoztat\u00f3 c\u00e9llal t\u00f6rt\u00e9nik, \u00e9s nem tudom\u00e1nyosan megalapozott m\u00f3dszer. Az \u00fcgyf\u00e9lnek tiszt\u00e1ban kell lennie azzal, hogy az olvas\u00e1s kimenetele szubjekt\u00edv.<\/p><p><strong>Elmarad\u00e1s \u00e9s Lemond\u00e1s<\/strong><br \/>El\u0151leg befizet\u00e9se sz\u00fcks\u00e9ges a foglal\u00e1s meger\u0151s\u00edt\u00e9s\u00e9hez. 24 \u00f3r\u00e1n bel\u00fcli lemond\u00e1s eset\u00e9n \u00fajra foglal\u00e1si d\u00edj ker\u00fcl felsz\u00e1m\u00edt\u00e1sra. Elmarad\u00e1s eset\u00e9n nincs \u00fajra foglal\u00e1s.<\/p><p><strong>K\u00e9s\u00e9si Szab\u00e1lyzat<\/strong><br \/>Az id\u0151pont egy szil\u00e1rd elk\u00f6telezetts\u00e9g. Ha az \u00fcgyf\u00e9l k\u00e9slekedik az id\u0151pontra, az olvas\u00e1s teljes id\u0151tartam\u00e1ra a teljes \u00e1r vonatkozik.<\/p><p><strong>Nincsenek Garanci\u00e1k<\/strong><br \/>Nem minden k\u00e9rd\u00e9s v\u00e1laszolhat\u00f3 meg teljes r\u00e9szletess\u00e9ggel az adott id\u0151keret alatt a k\u00e9rd\u00e9s bonyolults\u00e1ga \u00e9s az inform\u00e1ci\u00f3 t\u00edpus\u00e1nak f\u00fcggv\u00e9ny\u00e9ben. Az id\u0151tartamot nem hosszabb\u00edtom meg a konzult\u00e1ci\u00f3 alatt, \u00fajabb id\u0151pontot kell foglalni.<\/p><p><strong>Szem\u00e9lyes Inform\u00e1ci\u00f3k<\/strong><br \/>Minden elemz\u00e9st r\u00f6gz\u00edtheti az \u00fcgyf\u00e9l, de az elemz\u00e9sekr\u0151l m\u00e1solatot nem r\u00f6gz\u00edtek.<\/p><p><strong>Aj\u00e1nl\u00e1s<\/strong><br \/>B\u00e1rmikor, ha az \u00fcgyf\u00e9l olyan helyzetben van, amely pszichol\u00f3giai, orvosi vagy v\u00e9szhelyzeti beavatkoz\u00e1st ig\u00e9nyel, azonnal megfelel\u0151 szakemberekhez ir\u00e1ny\u00edtom \u0151t. A Tarot olvas\u00e1s nem helyettes\u00edti a szakmai seg\u00edts\u00e9get, \u00e9s nem terjed ki olyan ter\u00fcletekre, mint a pszichol\u00f3giai tan\u00e1csad\u00e1s, orvosi kezel\u00e9s vagy s\u00fcrg\u0151ss\u00e9gi ell\u00e1t\u00e1s. Ha egy olvas\u00e1s sor\u00e1n olyan probl\u00e9m\u00e1t, k\u00e9rd\u00e9st vagy helyzetet \u00e9rzek, amely szakmai beavatkoz\u00e1st ig\u00e9nyel, javaslom, hogy az \u00fcgyf\u00e9l forduljon megfelel\u0151 szak\u00e9rt\u0151h\u00f6z, p\u00e9ld\u00e1ul pszichol\u00f3gushoz, orvoshoz vagy m\u00e1s eg\u00e9szs\u00e9g\u00fcgyi szolg\u00e1ltat\u00f3hoz. A Tarot elemz\u00e9sek nem fedik le ezeket a szolg\u00e1ltat\u00e1sokat \u00e9s nem is p\u00f3tolj\u00e1k \u0151ket. A Tarot olvas\u00e1s kiz\u00e1r\u00f3lag spiritu\u00e1lis t\u00e1mogat\u00e1st ny\u00fajt, nem helyettes\u00edti a sz\u00fcks\u00e9ges orvosi vagy pszichol\u00f3giai kezel\u00e9st, \u00e9s nem adhat diagn\u00f3zist vagy kezel\u00e9si tervet.<\/p><p><strong>\u0150szintes\u00e9g<\/strong><br \/>Elk\u00f6telezett vagyok abban, hogy \u0151szint\u00e9n osszam meg a Tarot \u00fczenet\u00e9t. Ez mag\u00e1ban foglalja a potenci\u00e1lisan negat\u00edv inform\u00e1ci\u00f3kat \u00e9s m\u00e9g az inform\u00e1ci\u00f3 hi\u00e1ny\u00e1t is; a Tarot n\u00e9ha nem mindig azt t\u00e1rja fel, amit az \u00fcgyf\u00e9l szeretne tudni. A Tarot olvas\u00e1s v\u00e1s\u00e1rl\u00e1s\u00e1val az \u00fcgyf\u00e9l tudom\u00e1sul veszi a Tarot elemz\u00e9s jelleg\u00e9t \u00e9s milyens\u00e9g\u00e9t.<\/p><p><strong>J\u00f6v\u0151beli El\u0151rejelz\u00e9sek<\/strong><br \/>A j\u00f6v\u0151 nem garant\u00e1lt \u00e9s nem k\u0151be v\u00e9sett. Minden olvas\u00e1s, amely a j\u00f6v\u0151beli esem\u00e9nyekr\u0151l sz\u00f3l, csup\u00e1n egy ir\u00e1nymutat\u00e1s. A j\u00f6v\u0151t befoly\u00e1solj\u00e1k a szabad akarat d\u00f6nt\u00e9sei, a v\u00e1ltoz\u00f3 k\u00f6r\u00fclm\u00e9nyek \u00e9s az emberek viselked\u00e9se, \u00edgy nem biztos\u00edthat\u00f3, hogy a j\u00f3slatok pontosan \u00fagy k\u00f6vetkeznek be, ahogy az olvas\u00e1s sor\u00e1n felv\u00e1zol\u00e1sra ker\u00fcltek. Semmilyen j\u00f6v\u0151vel kapcsolatos olvas\u00e1s nem garant\u00e1lt 100%-osan. Az olvas\u00e1s nem garant\u00e1l semmilyen konkr\u00e9t j\u00f6v\u0151beli kimenetet vagy esem\u00e9nyt, \u00e9s nem szabad \u00fagy kezelni, mint egy v\u00e9gleges, el\u0151re meg\u00edrt forgat\u00f3k\u00f6nyvet. Minden d\u00f6nt\u00e9st az \u00fcgyf\u00e9l saj\u00e1t bel\u00e1t\u00e1sa \u00e9s felel\u0151ss\u00e9ge alapj\u00e1n kell meghoznia, figyelembe v\u00e9ve a tarot olvas\u00e1s sor\u00e1n kapott inform\u00e1ci\u00f3kat. Az olvas\u00e1s seg\u00edthet ir\u00e1nymutat\u00e1sban, de a v\u00e9gs\u0151 d\u00f6nt\u00e9s mindig az \u00fcgyf\u00e9l kez\u00e9ben van.<\/p><p><strong>A Tarot, mint eszk\u00f6z<\/strong><br \/>A Tarot egy szimbolikus \u00e9s intuit\u00edv eszk\u00f6z, amely a spiritu\u00e1lis \u00fatkeres\u00e9s t\u00e1mogat\u00e1s\u00e1ra szolg\u00e1l. Nem egy &#8220;var\u00e1zslatos&#8221; vagy m\u00e1gikus er\u0151vel rendelkez\u0151 t\u00e1rgy, hanem egy eszk\u00f6z. A Tarot nem kapcsol\u00f3dik semmilyen negat\u00edv entit\u00e1shoz, d\u00e9moni vagy &#8220;s\u00e1t\u00e1ni&#8221; er\u0151kh\u00f6z. Az olvas\u00e1s \u00e9s az eszk\u00f6z haszn\u00e1lata nem vesz\u00e9lyes, \u00e9s nem c\u00e9lja, hogy b\u00e1rminem\u0171 k\u00e1ros hat\u00e1st gyakoroljon a haszn\u00e1l\u00f3j\u00e1ra. A Tarot az univerz\u00e1lis szimb\u00f3lumokon \u00e9s archet\u00edpusokon alapul, \u00e9s azzal a c\u00e9llal ker\u00fcl alkalmaz\u00e1sra, hogy ir\u00e1nyt adjon. Az eszk\u00f6zt csak pozit\u00edv sz\u00e1nd\u00e9kkal, tisztess\u00e9ggel \u00e9s felel\u0151ss\u00e9ggel kell haszn\u00e1lni. Az olvas\u00e1sok c\u00e9lja nem a f\u00e9lelemkelt\u00e9s vagy manipul\u00e1ci\u00f3, hanem a bels\u0151 b\u00f6lcsess\u00e9g aktiv\u00e1l\u00e1sa.<\/p>\t\t\t\t\t\t\t\t<\/div>\n\t\t\t\t<\/div>\n\t\t\t\t\t<\/div>\n\t\t\t\t<\/div>\n\t\t\t\t<\/div>\n\t\t","protected":false},"excerpt":{"rendered":"<p>Visszat\u00e9r\u00edt\u00e9sNincs visszat\u00e9r\u00edt\u00e9s. Korhat\u00e1r18 \u00e9vn\u00e9l fiatalabb \u00fcgyfelek sz\u00fcl\u0151i beleegyez\u00e9ssel vehetnek r\u00e9szt, valamint 18 \u00e9ves \u00e9s id\u0151sebb feln\u0151ttek vehetnek r\u00e9szt az elemz\u00e9sen. Biztons\u00e1gAz \u00fcgyf\u00e9l biztons\u00e1g\u00e9rzete az els\u0151 \u00e9s elk\u00f6telezett vagyok a biztons\u00e1gos \u00e9s k\u00e9nyelmes l\u00e9gk\u00f6r megteremt\u00e9s\u00e9ben. Ha az \u00fcgyf\u00e9l valamit k\u00e9nyelmetlennek vagy kellemetlennek tal\u00e1l, azt az elemz\u00e9s el\u0151tt meg kell osztani, ha lehets\u00e9ges. Az \u00fcgyf\u00e9l b\u00e1rmikor le\u00e1ll\u00edthatja [&hellip;]<\/p>\n","protected":false},"author":1,"featured_media":0,"parent":0,"menu_order":6,"comment_status":"closed","ping_status":"closed","template":"","meta":{"footnotes":""},"class_list":["post-55","page","type-page","status-publish","hentry"],"_links":{"self":[{"href":"https:\/\/boglarperuzzi.com\/tarot\/wp-json\/wp\/v2\/pages\/55","targetHints":{"allow":["GET"]}}],"collection":[{"href":"https:\/\/boglarperuzzi.com\/tarot\/wp-json\/wp\/v2\/pages"}],"about":[{"href":"https:\/\/boglarperuzzi.com\/tarot\/wp-json\/wp\/v2\/types\/page"}],"author":[{"embeddable":true,"href":"https:\/\/boglarperuzzi.com\/tarot\/wp-json\/wp\/v2\/users\/1"}],"replies":[{"embeddable":true,"href":"https:\/\/boglarperuzzi.com\/tarot\/wp-json\/wp\/v2\/comments?post=55"}],"version-history":[{"count":20,"href":"https:\/\/boglarperuzzi.com\/tarot\/wp-json\/wp\/v2\/pages\/55\/revisions"}],"predecessor-version":[{"id":1397,"href":"https:\/\/boglarperuzzi.com\/tarot\/wp-json\/wp\/v2\/pages\/55\/revisions\/1397"}],"wp:attachment":[{"href":"https:\/\/boglarperuzzi.com\/tarot\/wp-json\/wp\/v2\/media?parent=55"}],"curies":[{"name":"wp","href":"https:\/\/api.w.org\/{rel}","templated":true}]}}