{"id":181,"date":"2024-11-11T10:00:23","date_gmt":"2024-11-11T10:00:23","guid":{"rendered":"https:\/\/astrology.nicdark.com\/taroti-wordpress-theme\/?page_id=181"},"modified":"2025-02-11T21:00:35","modified_gmt":"2025-02-11T21:00:35","slug":"workshopok","status":"publish","type":"page","link":"https:\/\/boglarperuzzi.com\/tarot\/workshopok\/","title":{"rendered":"Workshopok"},"content":{"rendered":"\t\t<div data-elementor-type=\"wp-page\" data-elementor-id=\"181\" class=\"elementor elementor-181\">\n\t\t\t\t<div class=\"elementor-element elementor-element-018d382 e-flex e-con-boxed e-con e-parent\" data-id=\"018d382\" data-element_type=\"container\" data-settings=\"{&quot;background_background&quot;:&quot;classic&quot;,&quot;shape_divider_bottom&quot;:&quot;curve&quot;,&quot;shape_divider_bottom_negative&quot;:&quot;yes&quot;}\">\n\t\t\t\t\t<div class=\"e-con-inner\">\n\t\t\t\t<div class=\"elementor-shape elementor-shape-bottom\" data-negative=\"true\">\n\t\t\t<svg xmlns=\"http:\/\/www.w3.org\/2000\/svg\" viewBox=\"0 0 1000 100\" preserveAspectRatio=\"none\">\n\t<path class=\"elementor-shape-fill\" d=\"M500,97C126.7,96.3,0.8,19.8,0,0v100l1000,0V1C1000,19.4,873.3,97.8,500,97z\"\/>\n<\/svg>\t\t<\/div>\n\t\t<div class=\"elementor-element elementor-element-bd5cff6 e-con-full e-flex e-con e-child\" data-id=\"bd5cff6\" data-element_type=\"container\">\n\t\t\t\t<div class=\"elementor-element elementor-element-9693905 elementor-widget elementor-widget-heading\" data-id=\"9693905\" data-element_type=\"widget\" data-widget_type=\"heading.default\">\n\t\t\t\t<div class=\"elementor-widget-container\">\n\t\t\t\t\t<h1 class=\"elementor-heading-title elementor-size-default\">Workshopok<\/h1>\t\t\t\t<\/div>\n\t\t\t\t<\/div>\n\t\t\t\t<div class=\"elementor-element elementor-element-50c442f elementor-widget elementor-widget-heading\" data-id=\"50c442f\" data-element_type=\"widget\" data-widget_type=\"heading.default\">\n\t\t\t\t<div class=\"elementor-widget-container\">\n\t\t\t\t\t<h5 class=\"elementor-heading-title elementor-size-default\">Tarot elemz\u00e9s \u00e9s oktat\u00e1s<\/h5>\t\t\t\t<\/div>\n\t\t\t\t<\/div>\n\t\t\t\t<\/div>\n\t\t\t\t\t<\/div>\n\t\t\t\t<\/div>\n\t\t<div class=\"elementor-element elementor-element-0b122d2 e-flex e-con-boxed e-con e-parent\" data-id=\"0b122d2\" data-element_type=\"container\" data-settings=\"{&quot;background_background&quot;:&quot;classic&quot;}\">\n\t\t\t\t\t<div class=\"e-con-inner\">\n\t\t<div class=\"elementor-element elementor-element-d75c48d e-con-full e-flex elementor-invisible e-con e-child\" data-id=\"d75c48d\" data-element_type=\"container\" data-settings=\"{&quot;animation&quot;:&quot;fadeInUp&quot;,&quot;animation_delay&quot;:&quot;200&quot;}\">\n\t\t\t\t<div class=\"elementor-element elementor-element-02761fb elementor-widget elementor-widget-heading\" data-id=\"02761fb\" data-element_type=\"widget\" data-widget_type=\"heading.default\">\n\t\t\t\t<div class=\"elementor-widget-container\">\n\t\t\t\t\t<h5 class=\"elementor-heading-title elementor-size-default\">Tarot K\u00e1rtya<\/h5>\t\t\t\t<\/div>\n\t\t\t\t<\/div>\n\t\t\t\t<div class=\"elementor-element elementor-element-1012f58 elementor-widget elementor-widget-heading\" data-id=\"1012f58\" data-element_type=\"widget\" data-widget_type=\"heading.default\">\n\t\t\t\t<div class=\"elementor-widget-container\">\n\t\t\t\t\t<h2 class=\"elementor-heading-title elementor-size-default\">Workshopok<\/h2>\t\t\t\t<\/div>\n\t\t\t\t<\/div>\n\t\t\t\t<div class=\"elementor-element elementor-element-d7bda18 elementor-widget elementor-widget-heading\" data-id=\"d7bda18\" data-element_type=\"widget\" data-widget_type=\"heading.default\">\n\t\t\t\t<div class=\"elementor-widget-container\">\n\t\t\t\t\t<p class=\"elementor-heading-title elementor-size-default\">Ez a workshop azoknak sz\u00f3l, akik szeretn\u00e9nek <b>m\u00e9lyebb kapcsolatot kialak\u00edtani a szakr\u00e1lis feminnel \u00e9s felfedezni a n\u0151iess\u00e9g\u00fck<\/b> a tarot k\u00e1rty\u00e1k seg\u00edts\u00e9g\u00e9vel.<br><br>\nA szakr\u00e1lis feminin \u201eezerf\u00e9le\u201d aspektusban jelenik meg \u00e9s ha kapcsol\u00f3dunk hozz\u00e1 gyakran eksztatikus \u00e9lm\u00e9nyeket tapasztalhatunk, amelyek seg\u00edtenek felfedezni a bels\u0151 er\u0151nket \u00e9s visszanyerni a n\u0151iess\u00e9g\u00fcnk \u0151si min\u0151s\u00e9g\u00e9t.\n<br><\/p>\t\t\t\t<\/div>\n\t\t\t\t<\/div>\n\t\t\t\t<\/div>\n\t\t<div class=\"elementor-element elementor-element-26bab1c e-con-full e-flex elementor-invisible e-con e-child\" data-id=\"26bab1c\" data-element_type=\"container\" data-settings=\"{&quot;animation&quot;:&quot;fadeIn&quot;,&quot;animation_delay&quot;:&quot;400&quot;}\">\n\t\t<div class=\"elementor-element elementor-element-86e3334 e-con-full e-flex e-con e-child\" data-id=\"86e3334\" data-element_type=\"container\">\n\t\t<div class=\"elementor-element elementor-element-82180a6 e-con-full e-flex e-con e-child\" data-id=\"82180a6\" data-element_type=\"container\" data-settings=\"{&quot;background_background&quot;:&quot;classic&quot;}\">\n\t\t<div class=\"elementor-element elementor-element-8e0f8bc e-con-full e-flex e-con e-child\" data-id=\"8e0f8bc\" data-element_type=\"container\">\n\t\t\t\t<div class=\"elementor-element elementor-element-d40b89b elementor-widget elementor-widget-image\" data-id=\"d40b89b\" data-element_type=\"widget\" data-widget_type=\"image.default\">\n\t\t\t\t<div class=\"elementor-widget-container\">\n\t\t\t\t\t\t\t\t\t\t\t\t\t\t\t<img fetchpriority=\"high\" decoding=\"async\" width=\"706\" height=\"1001\" src=\"https:\/\/boglarperuzzi.com\/tarot\/wp-content\/uploads\/2024\/11\/icon-01-1.png\" class=\"attachment-large size-large wp-image-193\" alt=\"\" srcset=\"https:\/\/boglarperuzzi.com\/tarot\/wp-content\/uploads\/2024\/11\/icon-01-1.png 706w, https:\/\/boglarperuzzi.com\/tarot\/wp-content\/uploads\/2024\/11\/icon-01-1-212x300.png 212w, https:\/\/boglarperuzzi.com\/tarot\/wp-content\/uploads\/2024\/11\/icon-01-1-600x851.png 600w\" sizes=\"(max-width: 706px) 100vw, 706px\" \/>\t\t\t\t\t\t\t\t\t\t\t\t\t\t\t<\/div>\n\t\t\t\t<\/div>\n\t\t\t\t<div class=\"elementor-element elementor-element-6ae6f06 elementor-widget elementor-widget-heading\" data-id=\"6ae6f06\" data-element_type=\"widget\" data-widget_type=\"heading.default\">\n\t\t\t\t<div class=\"elementor-widget-container\">\n\t\t\t\t\t<h6 class=\"elementor-heading-title elementor-size-default\">Szimb\u00f3lumok<\/h6>\t\t\t\t<\/div>\n\t\t\t\t<\/div>\n\t\t\t\t<div class=\"elementor-element elementor-element-d21306d elementor-widget elementor-widget-heading\" data-id=\"d21306d\" data-element_type=\"widget\" data-widget_type=\"heading.default\">\n\t\t\t\t<div class=\"elementor-widget-container\">\n\t\t\t\t\t<h4 class=\"elementor-heading-title elementor-size-default\">Kapcsol\u00f3d\u00e1s a <b>Szakr\u00e1lis Femininhez <\/b>a Tarot k\u00e1rty\u00e1k seg\u00edts\u00e9g\u00e9vel<\/h4>\t\t\t\t<\/div>\n\t\t\t\t<\/div>\n\t\t\t\t<div class=\"elementor-element elementor-element-c56148f elementor-widget elementor-widget-heading\" data-id=\"c56148f\" data-element_type=\"widget\" data-widget_type=\"heading.default\">\n\t\t\t\t<div class=\"elementor-widget-container\">\n\t\t\t\t\t<p class=\"elementor-heading-title elementor-size-default\"><b>A workshop sor\u00e1n k\u00fcl\u00f6nb\u00f6z\u0151 tantrikus istenn\u0151kkel kapcsol\u00f3dunk<\/b>. <\/p>\t\t\t\t<\/div>\n\t\t\t\t<\/div>\n\t\t\t\t<div class=\"elementor-element elementor-element-0a8159f elementor-widget elementor-widget-heading\" data-id=\"0a8159f\" data-element_type=\"widget\" data-widget_type=\"heading.default\">\n\t\t\t\t<div class=\"elementor-widget-container\">\n\t\t\t\t\t<p class=\"elementor-heading-title elementor-size-default\">N\u00e9h\u00e1ny i<b>stenn\u0151 nagy harcos<\/b>, egyesek  <b>a szerelmes n\u0151t <\/b>testes\u00edtik meg, m\u00edg m\u00e1sok <b>m\u00e9lyebb spiritu\u00e1lis birodalmakba<\/b> vezetnek minket. Amikor ezeket az archet\u00edpusokat beh\u00edvjuk az \u00e9let\u00fcnkbe, transzform\u00e1lnak minket egy magasabb szintre \u00e9s \u00e1ltaluk meg\u00e9rthetj\u00fck azokat a bels\u0151 aspektusainkat, amelyek benn\u00fcnk is ott rejt\u0151znek.<\/p>\t\t\t\t<\/div>\n\t\t\t\t<\/div>\n\t\t\t\t<div class=\"elementor-element elementor-element-ebcd796 elementor-widget elementor-widget-heading\" data-id=\"ebcd796\" data-element_type=\"widget\" data-widget_type=\"heading.default\">\n\t\t\t\t<div class=\"elementor-widget-container\">\n\t\t\t\t\t<p class=\"elementor-heading-title elementor-size-default\">\u00c1ltaluk meg\u00e9rthetj\u00fck azokat a finoms\u00e1gokat, amelyek \u00faj megvil\u00e1g\u00edt\u00e1sba helyezik elakad\u00e1sainkat \u00e9s megold\u00e1st is k\u00edn\u00e1lnak, mert a saj\u00e1t k\u00fczdelm\u00fck \u00e1t\u00e9l\u00e9s\u00e9n kereszt\u00fcl kapcsol\u00f3dunk azokhoz a megold\u00e1si m\u00f3dokhoz, amelyekkel az archet\u00edpusban rejl\u0151 kibillen\u00e9seket kezelik.<\/p>\t\t\t\t<\/div>\n\t\t\t\t<\/div>\n\t\t\t\t<div class=\"elementor-element elementor-element-f9db059 elementor-widget elementor-widget-text-editor\" data-id=\"f9db059\" data-element_type=\"widget\" data-widget_type=\"text-editor.default\">\n\t\t\t\t<div class=\"elementor-widget-container\">\n\t\t\t\t\t\t\t\t\t<p><strong>Id\u0151pont<\/strong>: Hamarosan!<br \/><strong>Helysz\u00edn<\/strong>: Budapest Belv\u00e1ros sz\u00edv\u00e9ben. VI. ker\u00fclet.<\/p>\t\t\t\t\t\t\t\t<\/div>\n\t\t\t\t<\/div>\n\t\t\t\t<\/div>\n\t\t\t\t<\/div>\n\t\t\t\t<\/div>\n\t\t\t\t<\/div>\n\t\t\t\t\t<\/div>\n\t\t\t\t<\/div>\n\t\t<div class=\"elementor-element elementor-element-b5dd8b8 e-flex e-con-boxed e-con e-parent\" data-id=\"b5dd8b8\" data-element_type=\"container\" data-settings=\"{&quot;background_background&quot;:&quot;classic&quot;}\">\n\t\t\t\t\t<div class=\"e-con-inner\">\n\t\t<div class=\"elementor-element elementor-element-2dd69f7 e-con-full e-flex e-con e-child\" data-id=\"2dd69f7\" data-element_type=\"container\">\n\t\t<div class=\"elementor-element elementor-element-1c3b590 e-con-full e-flex e-con e-child\" data-id=\"1c3b590\" data-element_type=\"container\">\n\t\t\t\t<div class=\"elementor-element elementor-element-d38567c elementor-widget elementor-widget-image\" data-id=\"d38567c\" data-element_type=\"widget\" data-widget_type=\"image.default\">\n\t\t\t\t<div class=\"elementor-widget-container\">\n\t\t\t\t\t\t\t\t\t\t\t\t\t\t\t<img decoding=\"async\" width=\"1024\" height=\"684\" src=\"https:\/\/boglarperuzzi.com\/tarot\/wp-content\/uploads\/2025\/02\/Tarot-elemzes-by-Oldtarot-8-1024x684.jpg\" class=\"attachment-large size-large wp-image-420\" alt=\"\" srcset=\"https:\/\/boglarperuzzi.com\/tarot\/wp-content\/uploads\/2025\/02\/Tarot-elemzes-by-Oldtarot-8-1024x684.jpg 1024w, https:\/\/boglarperuzzi.com\/tarot\/wp-content\/uploads\/2025\/02\/Tarot-elemzes-by-Oldtarot-8-300x200.jpg 300w, https:\/\/boglarperuzzi.com\/tarot\/wp-content\/uploads\/2025\/02\/Tarot-elemzes-by-Oldtarot-8-768x513.jpg 768w, https:\/\/boglarperuzzi.com\/tarot\/wp-content\/uploads\/2025\/02\/Tarot-elemzes-by-Oldtarot-8-1536x1025.jpg 1536w, https:\/\/boglarperuzzi.com\/tarot\/wp-content\/uploads\/2025\/02\/Tarot-elemzes-by-Oldtarot-8-2048x1367.jpg 2048w, https:\/\/boglarperuzzi.com\/tarot\/wp-content\/uploads\/2025\/02\/Tarot-elemzes-by-Oldtarot-8-600x401.jpg 600w\" sizes=\"(max-width: 1024px) 100vw, 1024px\" \/>\t\t\t\t\t\t\t\t\t\t\t\t\t\t\t<\/div>\n\t\t\t\t<\/div>\n\t\t\t\t<\/div>\n\t\t<div class=\"elementor-element elementor-element-963d44b e-flex e-con-boxed e-con e-child\" data-id=\"963d44b\" data-element_type=\"container\">\n\t\t\t\t\t<div class=\"e-con-inner\">\n\t\t\t\t\t<\/div>\n\t\t\t\t<\/div>\n\t\t\t\t<\/div>\n\t\t<div class=\"elementor-element elementor-element-d082c45 e-con-full e-flex e-con e-child\" data-id=\"d082c45\" data-element_type=\"container\">\n\t\t\t\t<div class=\"elementor-element elementor-element-240da93 elementor-widget elementor-widget-heading\" data-id=\"240da93\" data-element_type=\"widget\" data-widget_type=\"heading.default\">\n\t\t\t\t<div class=\"elementor-widget-container\">\n\t\t\t\t\t<h5 class=\"elementor-heading-title elementor-size-default\">Amit tudnod kell a workshopr\u00f3l<\/h5>\t\t\t\t<\/div>\n\t\t\t\t<\/div>\n\t\t\t\t<div class=\"elementor-element elementor-element-d599664 elementor-widget elementor-widget-heading\" data-id=\"d599664\" data-element_type=\"widget\" data-widget_type=\"heading.default\">\n\t\t\t\t<div class=\"elementor-widget-container\">\n\t\t\t\t\t<h2 class=\"elementor-heading-title elementor-size-default\">Kapcsol\u00f3dj a szakr\u00e1lis femininnel<\/h2>\t\t\t\t<\/div>\n\t\t\t\t<\/div>\n\t\t\t\t<div class=\"elementor-element elementor-element-4b08fe4 elementor-widget elementor-widget-heading\" data-id=\"4b08fe4\" data-element_type=\"widget\" data-widget_type=\"heading.default\">\n\t\t\t\t<div class=\"elementor-widget-container\">\n\t\t\t\t\t<p class=\"elementor-heading-title elementor-size-default\"><b>A tarot seg\u00edts\u00e9g\u00e9vel betekint\u00e9st kapsz a n\u0151i tantra tan\u00edt\u00e1saiba: <\/b>Megtanulhatod, hogy haszn\u00e1lhatod a tarot k\u00e1rty\u00e1kat arra, hogyan l\u00e9pj kapcsolatba a n\u0151i archet\u00edpusokkal.<\/p>\t\t\t\t<\/div>\n\t\t\t\t<\/div>\n\t\t\t\t<div class=\"elementor-element elementor-element-c70e146 elementor-widget elementor-widget-heading\" data-id=\"c70e146\" data-element_type=\"widget\" data-widget_type=\"heading.default\">\n\t\t\t\t<div class=\"elementor-widget-container\">\n\t\t\t\t\t<p class=\"elementor-heading-title elementor-size-default\"><b>Archet\u00edpusok integr\u00e1l\u00e1sa \u00e9s transzform\u00e1ci\u00f3:<\/b> Minden, ami \u00e9l az mozog \u00e9s a Shakti t\u00e1nca \u00f6r\u00f6k \u00e9s folyamatos. A dinamizmus n\u00e9lk\u00fcl nehezen tudn\u00e1nk fejl\u0151dni, v\u00e1ltozni \u00e9s n\u00f6vekedni. Shakti k\u00e9t oldal\u00fa, mint a v\u00edz, nedves, \u00e9s mint a t\u0171z, forr\u00f3. Minden istenn\u0151 hordoz f\u00e9nyt \u00e9s m\u00e9lyebb aspektusokat. <\/p>\t\t\t\t<\/div>\n\t\t\t\t<\/div>\n\t\t\t\t<div class=\"elementor-element elementor-element-0f0c982 elementor-widget elementor-widget-heading\" data-id=\"0f0c982\" data-element_type=\"widget\" data-widget_type=\"heading.default\">\n\t\t\t\t<div class=\"elementor-widget-container\">\n\t\t\t\t\t<p class=\"elementor-heading-title elementor-size-default\"><b>Kapcsol\u00f3dhatsz valami \u0151si min\u0151s\u00e9ggel egy biztons\u00e1gos t\u00e9reben:<\/b> A szakr\u00e1lis feminin tudatoss\u00e1g egy olyan \u00e1llapot, amely lehet\u0151v\u00e9 teszi, hogy kapcsolatba ker\u00fclj\u00fcnk a bels\u0151 igazs\u00e1gunkkal.<\/p>\t\t\t\t<\/div>\n\t\t\t\t<\/div>\n\t\t\t\t<div class=\"elementor-element elementor-element-8475ca4 elementor-widget elementor-widget-heading\" data-id=\"8475ca4\" data-element_type=\"widget\" data-widget_type=\"heading.default\">\n\t\t\t\t<div class=\"elementor-widget-container\">\n\t\t\t\t\t<p class=\"elementor-heading-title elementor-size-default\"><strong data-start=\"2\" data-end=\"18\">Tarot k\u00e1rtya<\/strong><b>:<\/b> Ha van saj\u00e1t tarot paklid, hozd magaddal, de ha nincs, ne agg\u00f3dj, biztos\u00edtok k\u00e1rty\u00e1kat a workshop idej\u00e9re. <\/p>\t\t\t\t<\/div>\n\t\t\t\t<\/div>\n\t\t\t\t<div class=\"elementor-element elementor-element-756ab7d elementor-widget elementor-widget-heading\" data-id=\"756ab7d\" data-element_type=\"widget\" data-widget_type=\"heading.default\">\n\t\t\t\t<div class=\"elementor-widget-container\">\n\t\t\t\t\t<p class=\"elementor-heading-title elementor-size-default\"><strong data-start=\"2\" data-end=\"18\">Aj\u00e1nlott eszk\u00f6z\u00f6k: <\/strong><span data-start=\"2\" data-end=\"18\">Napl\u00f3 vagy jegyzetf\u00fczet a szem\u00e9lyes felismer\u00e9sekhez.<\/span> Tollak, sz\u00ednes ceruz\u00e1k, ha valaki rajzolna is.<\/p>\t\t\t\t<\/div>\n\t\t\t\t<\/div>\n\t\t<div class=\"elementor-element elementor-element-15d2be0 e-flex e-con-boxed e-con e-child\" data-id=\"15d2be0\" data-element_type=\"container\">\n\t\t\t\t\t<div class=\"e-con-inner\">\n\t\t\t\t<div class=\"elementor-element elementor-element-fd5db05 elementor-widget elementor-widget-heading\" data-id=\"fd5db05\" data-element_type=\"widget\" data-widget_type=\"heading.default\">\n\t\t\t\t<div class=\"elementor-widget-container\">\n\t\t\t\t\t<p class=\"elementor-heading-title elementor-size-default\">Budapesten k\u00f6nnyen megk\u00f6zel\u00edthet\u0151 helysz\u00edn<\/p>\t\t\t\t<\/div>\n\t\t\t\t<\/div>\n\t\t\t\t<div class=\"elementor-element elementor-element-d38ef07 elementor-widget elementor-widget-progress\" data-id=\"d38ef07\" data-element_type=\"widget\" data-widget_type=\"progress.default\">\n\t\t\t\t<div class=\"elementor-widget-container\">\n\t\t\t\t\t\n\t\t<div class=\"elementor-progress-wrapper\" role=\"progressbar\" aria-valuemin=\"0\" aria-valuemax=\"100\" aria-valuenow=\"82\">\n\t\t\t<div class=\"elementor-progress-bar\" data-max=\"82\">\n\t\t\t\t<span class=\"elementor-progress-text\"><\/span>\n\t\t\t\t\t\t\t<\/div>\n\t\t<\/div>\n\t\t\t\t\t\t<\/div>\n\t\t\t\t<\/div>\n\t\t\t\t<div class=\"elementor-element elementor-element-9ecdad6 elementor-widget elementor-widget-heading\" data-id=\"9ecdad6\" data-element_type=\"widget\" data-widget_type=\"heading.default\">\n\t\t\t\t<div class=\"elementor-widget-container\">\n\t\t\t\t\t<p class=\"elementor-heading-title elementor-size-default\">Mennyire fontos ismerni a tarot k\u00e1rty\u00e1t a workshophoz?<\/p>\t\t\t\t<\/div>\n\t\t\t\t<\/div>\n\t\t\t\t<div class=\"elementor-element elementor-element-70dada7 elementor-widget elementor-widget-progress\" data-id=\"70dada7\" data-element_type=\"widget\" data-widget_type=\"progress.default\">\n\t\t\t\t<div class=\"elementor-widget-container\">\n\t\t\t\t\t\n\t\t<div class=\"elementor-progress-wrapper\" role=\"progressbar\" aria-valuemin=\"0\" aria-valuemax=\"100\" aria-valuenow=\"68\">\n\t\t\t<div class=\"elementor-progress-bar\" data-max=\"68\">\n\t\t\t\t<span class=\"elementor-progress-text\"><\/span>\n\t\t\t\t\t\t\t<\/div>\n\t\t<\/div>\n\t\t\t\t\t\t<\/div>\n\t\t\t\t<\/div>\n\t\t\t\t<div class=\"elementor-element elementor-element-d033b30 elementor-widget elementor-widget-progress\" data-id=\"d033b30\" data-element_type=\"widget\" data-widget_type=\"progress.default\">\n\t\t\t\t<div class=\"elementor-widget-container\">\n\t\t\t\t\t\n\t\t<div class=\"elementor-progress-wrapper\" role=\"progressbar\" aria-valuemin=\"0\" aria-valuemax=\"100\" aria-valuenow=\"50\">\n\t\t\t<div class=\"elementor-progress-bar\" data-max=\"50\">\n\t\t\t\t<span class=\"elementor-progress-text\"><\/span>\n\t\t\t\t\t\t\t<\/div>\n\t\t<\/div>\n\t\t\t\t\t\t<\/div>\n\t\t\t\t<\/div>\n\t\t\t\t<div class=\"elementor-element elementor-element-27087ba elementor-invisible elementor-widget elementor-widget-button\" data-id=\"27087ba\" data-element_type=\"widget\" data-settings=\"{&quot;_animation&quot;:&quot;fadeInUp&quot;}\" data-widget_type=\"button.default\">\n\t\t\t\t<div class=\"elementor-widget-container\">\n\t\t\t\t\t\t\t\t\t<div class=\"elementor-button-wrapper\">\n\t\t\t\t\t<a class=\"elementor-button elementor-button-link elementor-size-sm elementor-animation-shrink\" href=\"https:\/\/boglarperuzzi.com\/tarot\/kapcsolat\/\">\n\t\t\t\t\t\t<span class=\"elementor-button-content-wrapper\">\n\t\t\t\t\t\t\t\t\t<span class=\"elementor-button-text\">BEJELENTKEZ\u00c9S<\/span>\n\t\t\t\t\t<\/span>\n\t\t\t\t\t<\/a>\n\t\t\t\t<\/div>\n\t\t\t\t\t\t\t\t<\/div>\n\t\t\t\t<\/div>\n\t\t\t\t\t<\/div>\n\t\t\t\t<\/div>\n\t\t\t\t<\/div>\n\t\t\t\t\t<\/div>\n\t\t\t\t<\/div>\n\t\t<div class=\"elementor-element elementor-element-b55f06b e-flex e-con-boxed e-con e-parent\" data-id=\"b55f06b\" data-element_type=\"container\" data-settings=\"{&quot;background_background&quot;:&quot;video&quot;,&quot;background_video_link&quot;:&quot;https:\\\/\\\/www.youtube.com\\\/watch?v=-hh9wdIRL6g&quot;,&quot;background_play_on_mobile&quot;:&quot;yes&quot;,&quot;background_privacy_mode&quot;:&quot;yes&quot;,&quot;shape_divider_top&quot;:&quot;curve&quot;}\">\n\t\t\t\t\t<div class=\"e-con-inner\">\n\t\t<div class=\"elementor-background-video-container\">\n\t\t\t\t\t\t\t<div class=\"elementor-background-video-embed\"><\/div>\n\t\t\t\t\t\t<\/div>\t\t<div class=\"elementor-shape elementor-shape-top\" data-negative=\"false\">\n\t\t\t<svg xmlns=\"http:\/\/www.w3.org\/2000\/svg\" viewBox=\"0 0 1000 100\" preserveAspectRatio=\"none\">\n    <path class=\"elementor-shape-fill\" d=\"M1000,4.3V0H0v4.3C0.9,23.1,126.7,99.2,500,100S1000,22.7,1000,4.3z\"\/>\n<\/svg>\t\t<\/div>\n\t\t<div class=\"elementor-element elementor-element-d4dada9 e-con-full e-flex e-con e-child\" data-id=\"d4dada9\" data-element_type=\"container\">\n\t\t\t\t<div class=\"elementor-element elementor-element-18fae8f elementor-widget elementor-widget-image\" data-id=\"18fae8f\" data-element_type=\"widget\" data-widget_type=\"image.default\">\n\t\t\t\t<div class=\"elementor-widget-container\">\n\t\t\t\t\t\t\t\t\t\t\t\t\t\t\t<img decoding=\"async\" width=\"537\" height=\"1024\" src=\"https:\/\/boglarperuzzi.com\/tarot\/wp-content\/uploads\/2024\/11\/moonicon-min-537x1024.png\" class=\"elementor-animation-shrink attachment-large size-large wp-image-195\" alt=\"\" srcset=\"https:\/\/boglarperuzzi.com\/tarot\/wp-content\/uploads\/2024\/11\/moonicon-min-537x1024.png 537w, https:\/\/boglarperuzzi.com\/tarot\/wp-content\/uploads\/2024\/11\/moonicon-min-157x300.png 157w, https:\/\/boglarperuzzi.com\/tarot\/wp-content\/uploads\/2024\/11\/moonicon-min.png 577w\" sizes=\"(max-width: 537px) 100vw, 537px\" \/>\t\t\t\t\t\t\t\t\t\t\t\t\t\t\t<\/div>\n\t\t\t\t<\/div>\n\t\t\t\t<div class=\"elementor-element elementor-element-f85e866 elementor-widget elementor-widget-heading\" data-id=\"f85e866\" data-element_type=\"widget\" data-widget_type=\"heading.default\">\n\t\t\t\t<div class=\"elementor-widget-container\">\n\t\t\t\t\t<h2 class=\"elementor-heading-title elementor-size-default\">Jelentkezz a Workshopra<\/h2>\t\t\t\t<\/div>\n\t\t\t\t<\/div>\n\t\t\t\t<\/div>\n\t\t<div class=\"elementor-element elementor-element-34291a5 e-con-full e-flex e-con e-child\" data-id=\"34291a5\" data-element_type=\"container\">\n\t\t\t\t<div class=\"elementor-element elementor-element-4feca48 elementor-align-center elementor-invisible elementor-widget elementor-widget-button\" data-id=\"4feca48\" data-element_type=\"widget\" data-settings=\"{&quot;_animation&quot;:&quot;fadeInUp&quot;}\" data-widget_type=\"button.default\">\n\t\t\t\t<div class=\"elementor-widget-container\">\n\t\t\t\t\t\t\t\t\t<div class=\"elementor-button-wrapper\">\n\t\t\t\t\t<a class=\"elementor-button elementor-button-link elementor-size-sm elementor-animation-shrink\" href=\"https:\/\/boglarperuzzi.com\/tarot\/kapcsolat\/\">\n\t\t\t\t\t\t<span class=\"elementor-button-content-wrapper\">\n\t\t\t\t\t\t\t\t\t<span class=\"elementor-button-text\">Jelentkez\u00e9s<\/span>\n\t\t\t\t\t<\/span>\n\t\t\t\t\t<\/a>\n\t\t\t\t<\/div>\n\t\t\t\t\t\t\t\t<\/div>\n\t\t\t\t<\/div>\n\t\t\t\t<\/div>\n\t\t\t\t\t<\/div>\n\t\t\t\t<\/div>\n\t\t\t\t<\/div>\n\t\t","protected":false},"excerpt":{"rendered":"<p>Workshopok Tarot elemz\u00e9s \u00e9s oktat\u00e1s Tarot K\u00e1rtya Workshopok Ez a workshop azoknak sz\u00f3l, akik szeretn\u00e9nek m\u00e9lyebb kapcsolatot kialak\u00edtani a szakr\u00e1lis feminnel \u00e9s felfedezni a n\u0151iess\u00e9g\u00fck a tarot k\u00e1rty\u00e1k seg\u00edts\u00e9g\u00e9vel. A szakr\u00e1lis feminin \u201eezerf\u00e9le\u201d aspektusban jelenik meg \u00e9s ha kapcsol\u00f3dunk hozz\u00e1 gyakran eksztatikus \u00e9lm\u00e9nyeket tapasztalhatunk, amelyek seg\u00edtenek felfedezni a bels\u0151 er\u0151nket \u00e9s visszanyerni a n\u0151iess\u00e9g\u00fcnk \u0151si [&hellip;]<\/p>\n","protected":false},"author":2,"featured_media":0,"parent":0,"menu_order":4,"comment_status":"closed","ping_status":"closed","template":"page_taroti.php","meta":{"footnotes":""},"class_list":["post-181","page","type-page","status-publish","hentry"],"_links":{"self":[{"href":"https:\/\/boglarperuzzi.com\/tarot\/wp-json\/wp\/v2\/pages\/181","targetHints":{"allow":["GET"]}}],"collection":[{"href":"https:\/\/boglarperuzzi.com\/tarot\/wp-json\/wp\/v2\/pages"}],"about":[{"href":"https:\/\/boglarperuzzi.com\/tarot\/wp-json\/wp\/v2\/types\/page"}],"author":[{"embeddable":true,"href":"https:\/\/boglarperuzzi.com\/tarot\/wp-json\/wp\/v2\/users\/2"}],"replies":[{"embeddable":true,"href":"https:\/\/boglarperuzzi.com\/tarot\/wp-json\/wp\/v2\/comments?post=181"}],"version-history":[{"count":74,"href":"https:\/\/boglarperuzzi.com\/tarot\/wp-json\/wp\/v2\/pages\/181\/revisions"}],"predecessor-version":[{"id":1438,"href":"https:\/\/boglarperuzzi.com\/tarot\/wp-json\/wp\/v2\/pages\/181\/revisions\/1438"}],"wp:attachment":[{"href":"https:\/\/boglarperuzzi.com\/tarot\/wp-json\/wp\/v2\/media?parent=181"}],"curies":[{"name":"wp","href":"https:\/\/api.w.org\/{rel}","templated":true}]}}